{"id":172,"date":"2025-01-03T13:53:45","date_gmt":"2025-01-03T13:53:45","guid":{"rendered":"https:\/\/mit-dem-internet-geld-verdienen.com\/startseite\/?page_id=172"},"modified":"2025-01-08T19:02:41","modified_gmt":"2025-01-08T19:02:41","slug":"die-besten-frequenzen-fuer-dein-leben","status":"publish","type":"page","link":"https:\/\/mit-dem-internet-geld-verdienen.com\/startseite\/die-besten-frequenzen-fuer-dein-leben","title":{"rendered":"Die besten Frequenzen f\u00fcr Dein Leben"},"content":{"rendered":"<h1 class=\"style-scope ytd-watch-metadata\" style=\"text-align: center;\"><strong><span style=\"color: #ff0000;\">HEALY &#8211; Die besten Frequenzen f\u00fcr Dein Leben<\/span><\/strong><\/h1>\n<p style=\"text-align: center;\"><span class=\"yt-core-attributed-string yt-core-attributed-string--white-space-pre-wrap\" dir=\"auto\" role=\"text\"><span class=\"yt-core-attributed-string--link-inherit-color\" dir=\"auto\">HEALY &#8211; Es ist keine Science Fiction es ist Wissenschaft. Wie schon Nicola Tesla richtig sagte ist alles Energie, Frequenz und Schwingung.<br \/>\nHEALY bietet Dir die besten Frequenzen f\u00fcr Dein Leben. Immer gesund, aktiv und ausgeglichen. Genial einfach, einfach genial . <\/span><\/span><br \/>\nAuf dieser webseite bekommst einen kleinen \u00dcberblick was dieses kleine Ger\u00e4t alles so kann!<\/p>\n<p><iframe loading=\"lazy\" title=\"YouTube video player\" src=\"https:\/\/www.youtube.com\/embed\/63XFMtEsgpw?si=HN_PyrYEVLFhs0BY\" width=\"560\" height=\"315\" frameborder=\"0\" allowfullscreen=\"allowfullscreen\"><\/iframe><\/p>\n<h2 style=\"text-align: center;\"><span style=\"color: #ff0000;\"><strong>\u00a0Frequenzen f\u00fcrs Wohlbefinden <\/strong><\/span><\/h2>\n<h3 style=\"text-align: center;\"><span style=\"color: #339966;\">Das ist mein Telegramkanal <\/span><br \/>\n<span style=\"color: #339966;\">\u00a0<em>Dein Ort f\u00fcr Balance, Energie und innere Harmonie!<\/em> <\/span><\/h3>\n<p style=\"text-align: center;\">Tauche ein in die Welt der heilenden Frequenzen und finde Wege,<br \/>\ndein Wohlbefinden auf ein neues Level zu bringen.<br \/>\nEgal, ob du Stress abbauen, deine Energie steigern oder einfach nur entspannen m\u00f6chtest<br \/>\n\u2013 hier bist du genau richtig!<\/p>\n<h2 style=\"text-align: center;\"><strong><span style=\"color: #ff0000;\">Was erwartet Dich in meinem Telegramkanal :<\/span><\/strong><\/h2>\n<p style=\"text-align: center;\">Inspirierende Tipps zur Anwendung von Frequenzen<br \/>\nExklusive Audio-Frequenzen f\u00fcr mehr Wohlbefinden<br \/>\nAustausch mit Gleichgesinnten in einer unterst\u00fctzenden Community<br \/>\nRegelm\u00e4\u00dfige Updates und Specials<\/p>\n<p style=\"text-align: center;\"><em>Verbessere dein Leben \u2013 Schritt f\u00fcr Schritt, Ton f\u00fcr Ton!<\/em><\/p>\n<p style=\"text-align: center;\">\u00a0<strong>Jetzt meinen TelegramKanal beitreten und die Kraft der Frequenzen entdecken!<\/strong><\/p>\n<p>&nbsp;<\/p>\n<p style=\"text-align: center;\"><a href=\"https:\/\/t.me\/+tSlio0dmMjI0Njcy\" target=\"_blank\" rel=\"noopener\">https:\/\/t.me\/+tSlio0dmMjI0Njcy<\/a><\/p>\n<p>&nbsp;<\/p>\n<p style=\"text-align: center;\">hier kannst du in unseren Healy shop st\u00f6bern:<\/p>\n<p style=\"text-align: center;\"><a href=\"https:\/\/eu.healy.shop\/?partnername=1057-7495-0576\" target=\"_blank\" rel=\"noopener\">https:\/\/eu.healy.shop\/?partnername=1057-7495-0576<\/a><\/p>\n<p style=\"text-align: center;\" data-pm-slice=\"1 1 []\"><strong>Gesundheit mit Frequenzen: Entdecke die Welt des Healy<\/strong><\/p>\n<p style=\"text-align: center;\">Der Healy ist mehr als nur ein innovatives Ger\u00e4t \u2013 er ist ein anerkanntes Medizinprodukt in der Schmerztherapie, das mit modernster Frequenztechnologie arbeitet. Doch seine M\u00f6glichkeiten gehen weit dar\u00fcber hinaus. Erfahre, wie der Healy mit Frequenzen arbeitet, deine Gesundheit unterst\u00fctzt und noch viel mehr bieten kann.<\/p>\n<h2 style=\"text-align: center;\"><span style=\"color: #ff0000;\"><strong>Komme einfach in mein Telegramkanal um mehr zu Erfahren <\/strong><\/span><\/h2>\n<h2 style=\"text-align: center;\"><a href=\"https:\/\/t.me\/+tSlio0dmMjI0Njcy\" target=\"_blank\" rel=\"noopener\"><span style=\"color: #3366ff;\"><strong>https:\/\/t.me\/+tSlio0dmMjI0Njcy<\/strong><\/span><\/a><\/h2>\n<div style=\"text-align: center;\">\n<hr \/>\n<\/div>\n<h3><\/h3>\n<h2 style=\"text-align: center;\"><span style=\"color: #ff0000;\">Wie funktioniert der Healy?<\/span><\/h2>\n<p style=\"text-align: center;\">Der Healy nutzt eine kleine Teslaspule, um Frequenzen zu erzeugen, die auf den K\u00f6rper abgestimmt sind. Diese Frequenzen k\u00f6nnen helfen, das allgemeine Wohlbefinden zu f\u00f6rdern, Schmerzen zu lindern und die Balance in deinem K\u00f6rper wiederherzustellen. Als medizinisch anerkanntes Produkt wird der Healy bereits erfolgreich in der Schmerztherapie eingesetzt.<\/p>\n<p style=\"text-align: center;\">Doch der Healy geht weiter. Er bietet Programme, die speziell auf unterschiedliche Bed\u00fcrfnisse zugeschnitten sind. Ob es um die F\u00f6rderung von Entspannung, die Unterst\u00fctzung des Immunsystems oder die Regeneration nach sportlicher Bet\u00e4tigung geht \u2013 der Healy ist dein vielseitiger Begleiter.<\/p>\n<p>&nbsp;<\/p>\n<h2 style=\"text-align: center;\"><strong><span style=\"color: #ff0000;\">Komme einfach in mein Telegramkanal um mehr zu Erfahren<\/span> <\/strong><\/h2>\n<h2 style=\"text-align: center;\"><a href=\"https:\/\/t.me\/+tSlio0dmMjI0Njcy\" target=\"_blank\" rel=\"noopener\"><strong>https:\/\/t.me\/+tSlio0dmMjI0Njcy<\/strong><\/a><\/h2>\n<div style=\"text-align: center;\">\n<hr \/>\n<\/div>\n<h3><\/h3>\n<h2 style=\"text-align: center;\"><span style=\"color: #ff0000;\"><strong>Mehr als nur Therapie: Resonanzanalyse und Aura-Messung<\/strong><\/span><\/h2>\n<p style=\"text-align: center;\">Mit dem Healy kannst du nicht nur deinen K\u00f6rper unterst\u00fctzen, sondern auch tiefere Einblicke in dein Energiesystem erhalten. Hier sind einige der faszinierenden Funktionen des Healy:<\/p>\n<ul style=\"text-align: center;\" data-spread=\"false\">\n<li><strong>Resonanzanalyse:<\/strong> Die Resonanzanalyse hilft dir, Frequenzen zu identifizieren, die deinen K\u00f6rper und Geist positiv beeinflussen k\u00f6nnen. Dabei werden gezielt Programme vorgeschlagen, die auf deine aktuellen Bed\u00fcrfnisse abgestimmt sind.<\/li>\n<li><strong>Aura-Analyse:<\/strong> Der Healy kann deine Aura messen und analysieren, um dir ein besseres Verst\u00e4ndnis deiner energetischen Felder zu geben. Erfahre, welche Bereiche deines Lebens besondere Aufmerksamkeit ben\u00f6tigen.<\/li>\n<li><strong>Coaching-Analyse:<\/strong> Erfahre, wie du durch Frequenzen und gezielte Analysen deine pers\u00f6nlichen Ziele besser erreichen kannst. Die Coaching-Funktion unterst\u00fctzt dich dabei, mentale und emotionale Blockaden zu l\u00f6sen.<\/li>\n<li>\n<h2><strong><span style=\"color: #ff0000;\">Komme einfach in mein Telegramkanal um mehr zu Erfahren<\/span> <\/strong><\/h2>\n<h2><a href=\"https:\/\/t.me\/+tSlio0dmMjI0Njcy\" target=\"_blank\" rel=\"noopener\"><strong>https:\/\/t.me\/+tSlio0dmMjI0Njcy<\/strong><\/a><\/h2>\n<\/li>\n<\/ul>\n<div style=\"text-align: center;\">\n<hr \/>\n<\/div>\n<h2 style=\"text-align: center;\"><strong><br \/>\n<span style=\"color: #ff0000;\">Erfahrungen und Austausch: Mein Telegram-Kanal<\/span><\/strong><\/h2>\n<p style=\"text-align: center;\">M\u00f6chtest du mehr \u00fcber die unglaublichen M\u00f6glichkeiten des Healy erfahren? In meinem Telegram-Kanal teile ich Erfahrungsberichte, Erfolgsgeschichten und wertvolle Tipps. Dort kannst du auch mit anderen Healy-Nutzern in Kontakt treten und dich inspirieren lassen.<\/p>\n<p style=\"text-align: center;\">Du bist unsicher, ob der Healy das Richtige f\u00fcr dich ist? Im Kanal erf\u00e4hrst du, wie du Schritt f\u00fcr Schritt mehr \u00fcber das Ger\u00e4t lernst und wie du es optimal nutzen kannst.<\/p>\n<h2 style=\"text-align: center;\"><strong><span style=\"color: #ff0000;\">Komme einfach in mein Telegramkanal um mehr zu Erfahren<\/span> <\/strong><\/h2>\n<h2 style=\"text-align: center;\"><a href=\"https:\/\/t.me\/+tSlio0dmMjI0Njcy\" target=\"_blank\" rel=\"noopener\"><strong>https:\/\/t.me\/+tSlio0dmMjI0Njcy<\/strong><\/a><\/h2>\n<div style=\"text-align: center;\">\n<hr \/>\n<\/div>\n<h2 style=\"text-align: center;\"><strong><br \/>\n<span style=\"color: #ff0000;\">Teste den Healy selbst<\/span><\/strong><\/h2>\n<p style=\"text-align: center;\">Du bist neugierig geworden? Du kannst bei mir eine individuelle Resonanzanalyse oder eine Aura-Messung machen \u2013 sogar per Telefon! Alles ist m\u00f6glich mit Frequenzen. Lasse dich von der Vielfalt der Anwendungen \u00fcberzeugen und entdecke, wie der Healy dich unterst\u00fctzen kann.<\/p>\n<p style=\"text-align: center;\"><strong>Kontakt:<\/strong><\/p>\n<ul style=\"text-align: center;\" data-spread=\"false\">\n<li>Schreibe mir, um deine erste Analyse zu buchen.<\/li>\n<li>Lass uns gemeinsam herausfinden, wie der Healy dich auf deinem Weg zu mehr Gesundheit und Wohlbefinden begleiten kann.<\/li>\n<li>Du willst den Healy selbst besitzen? Ich helfe dir gerne, deinen eigenen Healy zu erwerben und ihn optimal einzusetzen.<br \/>\n<h2><strong><span style=\"color: #ff0000;\">Komme einfach in mein Telegramkanal um mehr zu Erfahren<\/span> <\/strong><\/h2>\n<h2><a href=\"https:\/\/t.me\/+tSlio0dmMjI0Njcy\" target=\"_blank\" rel=\"noopener\"><strong>https:\/\/t.me\/+tSlio0dmMjI0Njcy<\/strong><\/a><\/h2>\n<\/li>\n<\/ul>\n<div style=\"text-align: center;\">\n<hr \/>\n<\/div>\n<p>&nbsp;<\/p>\n<h2 style=\"text-align: center;\"><span style=\"color: #ff0000;\">Fazit:<\/span><\/h2>\n<p style=\"text-align: center;\">Der Healy ist ein vielseitiges Tool, das mit Frequenzen dein Leben bereichern kann \u2013 von der Schmerztherapie bis hin zur Energiearbeit. Ob f\u00fcr deine pers\u00f6nliche Weiterentwicklung, deine Gesundheit oder zur Unterst\u00fctzung in stressigen Zeiten: Der Healy bietet M\u00f6glichkeiten, die weit \u00fcber das hinausgehen, was wir uns bisher vorstellen konnten.<\/p>\n<p style=\"text-align: center;\">Tauche ein in die faszinierende Welt der Frequenzen und entdecke, wie sie dein Wohlbefinden steigern k\u00f6nnen!<\/p>\n<h2 style=\"text-align: center;\"><strong><span style=\"color: #ff0000;\">Komme einfach in mein Telegramkanal um mehr zu Erfahren<\/span> <\/strong><\/h2>\n<h2 style=\"text-align: center;\"><a href=\"https:\/\/t.me\/+tSlio0dmMjI0Njcy\" target=\"_blank\" rel=\"noopener\"><strong>https:\/\/t.me\/+tSlio0dmMjI0Njcy<\/strong><\/a><\/h2>\n<div class=\"wp-block-cover alignfull has-accent-1-color has-text-color has-link-color wp-elements-fa984a5b457f9db02e23b43aff0189b2 is-layout-constrained wp-container-core-cover-is-layout-1 wp-block-cover-is-layout-constrained\">\n<div class=\"wp-block-cover__inner-container\">\n<p class=\"has-text-align-center\" style=\"text-align: center;\"><strong>Haftungsausschluss<\/strong><\/p>\n<p>&nbsp;<\/p>\n<ul>\n<li><strong>Haftungsausschluss f\u00fcr Sch\u00e4den:<\/strong><br \/>\nIch \u00fcbernehme keine Haftung f\u00fcr Verluste, Sch\u00e4den oder Nachteile, die durch die Nutzung der bereitgestellten Informationen entstehen k\u00f6nnten. Jede Nutzung erfolgt auf eigene Verantwortung.<\/li>\n<\/ul>\n<\/div>\n<\/div>\n<p>&nbsp;<\/p>\n<ol class=\"wp-block-list\">\n<li><strong>Keine Anlageberatung:<\/strong><br \/>\nIch biete keine Anlageberatung oder sonstige Finanzdienstleistungen an. S\u00e4mtliche Informationen und Inhalte dienen ausschlie\u00dflich allgemeinen Informationszwecken und stellen keine Empfehlung oder Aufforderung zum Kauf oder Verkauf von Finanzprodukten dar.<\/li>\n<li><strong>Keine Garantien f\u00fcr die Zukunft:<\/strong><br \/>\nIch \u00fcbernehme keine Garantien oder Zusicherungen hinsichtlich der zuk\u00fcnftigen Entwicklung von M\u00e4rkten, Investitionen oder anderen prognostizierten Ergebnissen. Jede Handlung erfolgt auf eigenes Risiko.<\/li>\n<li><strong>Keine Gesundheitsversprechen:<\/strong><br \/>\nIch gebe keine Versprechen, Garantien oder Zusicherungen hinsichtlich gesundheitlicher Ergebnisse, Behandlungen oder Heilungen. Die bereitgestellten Informationen ersetzen keine professionelle medizinische Beratung.<\/li>\n<li><strong>Haftungsausschluss f\u00fcr Sch\u00e4den:<\/strong><br \/>\nIch \u00fcbernehme keine Haftung f\u00fcr Verluste, Sch\u00e4den oder Nachteile, die durch die Nutzung der bereitgestellten Informationen entstehen k\u00f6nnten. Jede Nutzung erfolgt auf eigene Verantwortung.<\/li>\n<\/ol>\n","protected":false},"excerpt":{"rendered":"<p>HEALY &#8211; Die besten Frequenzen f\u00fcr Dein Leben HEALY &#8211; Es ist keine Science Fiction es ist Wissenschaft. Wie schon Nicola Tesla richtig sagte ist alles Energie, Frequenz und Schwingung. HEALY bietet Dir die besten Frequenzen f\u00fcr Dein Leben. Immer gesund, aktiv und ausgeglichen. Genial einfach, einfach genial . Auf dieser webseite bekommst einen kleinen<\/p><\/div>\n<div class=\"blog-btn\"><a href=\"https:\/\/mit-dem-internet-geld-verdienen.com\/startseite\/die-besten-frequenzen-fuer-dein-leben\" class=\"home-blog-btn\">Weiterlesen<\/a><\/p>\n","protected":false},"author":1,"featured_media":0,"parent":0,"menu_order":0,"comment_status":"closed","ping_status":"closed","template":"","meta":{"footnotes":""},"class_list":["post-172","page","type-page","status-publish","hentry"],"yoast_head":"<!-- This site is optimized with the Yoast SEO plugin v26.2 - https:\/\/yoast.com\/wordpress\/plugins\/seo\/ -->\n<title>Die besten Frequenzen f\u00fcr Dein Leben - Wohlfuehlfinanzen<\/title>\n<meta name=\"robots\" content=\"index, follow, max-snippet:-1, max-image-preview:large, max-video-preview:-1\" \/>\n<link rel=\"canonical\" href=\"https:\/\/mit-dem-internet-geld-verdienen.com\/startseite\/die-besten-frequenzen-fuer-dein-leben\" \/>\n<meta property=\"og:locale\" content=\"de_DE\" \/>\n<meta property=\"og:type\" content=\"article\" \/>\n<meta property=\"og:title\" content=\"Die besten Frequenzen f\u00fcr Dein Leben - Wohlfuehlfinanzen\" \/>\n<meta property=\"og:description\" content=\"HEALY &#8211; Die besten Frequenzen f\u00fcr Dein Leben HEALY &#8211; Es ist keine Science Fiction es ist Wissenschaft. Wie schon Nicola Tesla richtig sagte ist alles Energie, Frequenz und Schwingung. HEALY bietet Dir die besten Frequenzen f\u00fcr Dein Leben. Immer gesund, aktiv und ausgeglichen. Genial einfach, einfach genial . Auf dieser webseite bekommst einen kleinenWeiterlesen\" \/>\n<meta property=\"og:url\" content=\"https:\/\/mit-dem-internet-geld-verdienen.com\/startseite\/die-besten-frequenzen-fuer-dein-leben\" \/>\n<meta property=\"og:site_name\" content=\"Wohlfuehlfinanzen\" \/>\n<meta property=\"article:modified_time\" content=\"2025-01-08T19:02:41+00:00\" \/>\n<meta name=\"twitter:card\" content=\"summary_large_image\" \/>\n<meta name=\"twitter:label1\" content=\"Gesch\u00e4tzte Lesezeit\" \/>\n\t<meta name=\"twitter:data1\" content=\"5\u00a0Minuten\" \/>\n<script type=\"application\/ld+json\" class=\"yoast-schema-graph\">{\"@context\":\"https:\/\/schema.org\",\"@graph\":[{\"@type\":\"WebPage\",\"@id\":\"https:\/\/mit-dem-internet-geld-verdienen.com\/startseite\/die-besten-frequenzen-fuer-dein-leben\",\"url\":\"https:\/\/mit-dem-internet-geld-verdienen.com\/startseite\/die-besten-frequenzen-fuer-dein-leben\",\"name\":\"Die besten Frequenzen f\u00fcr Dein Leben - Wohlfuehlfinanzen\",\"isPartOf\":{\"@id\":\"https:\/\/mit-dem-internet-geld-verdienen.com\/startseite\/#website\"},\"datePublished\":\"2025-01-03T13:53:45+00:00\",\"dateModified\":\"2025-01-08T19:02:41+00:00\",\"breadcrumb\":{\"@id\":\"https:\/\/mit-dem-internet-geld-verdienen.com\/startseite\/die-besten-frequenzen-fuer-dein-leben#breadcrumb\"},\"inLanguage\":\"de\",\"potentialAction\":[{\"@type\":\"ReadAction\",\"target\":[\"https:\/\/mit-dem-internet-geld-verdienen.com\/startseite\/die-besten-frequenzen-fuer-dein-leben\"]}]},{\"@type\":\"BreadcrumbList\",\"@id\":\"https:\/\/mit-dem-internet-geld-verdienen.com\/startseite\/die-besten-frequenzen-fuer-dein-leben#breadcrumb\",\"itemListElement\":[{\"@type\":\"ListItem\",\"position\":1,\"name\":\"Startseite\",\"item\":\"https:\/\/mit-dem-internet-geld-verdienen.com\/startseite\"},{\"@type\":\"ListItem\",\"position\":2,\"name\":\"Die besten Frequenzen f\u00fcr Dein Leben\"}]},{\"@type\":\"WebSite\",\"@id\":\"https:\/\/mit-dem-internet-geld-verdienen.com\/startseite\/#website\",\"url\":\"https:\/\/mit-dem-internet-geld-verdienen.com\/startseite\/\",\"name\":\"Wohlfuehlfinanzen\",\"description\":\"Kryptow\u00e4hrungen,Staking,Sachwerte und einen gesunden Lebensstil.\",\"publisher\":{\"@id\":\"https:\/\/mit-dem-internet-geld-verdienen.com\/startseite\/#\/schema\/person\/c101918c423d8a40ee507fc8859b2d13\"},\"potentialAction\":[{\"@type\":\"SearchAction\",\"target\":{\"@type\":\"EntryPoint\",\"urlTemplate\":\"https:\/\/mit-dem-internet-geld-verdienen.com\/startseite\/?s={search_term_string}\"},\"query-input\":{\"@type\":\"PropertyValueSpecification\",\"valueRequired\":true,\"valueName\":\"search_term_string\"}}],\"inLanguage\":\"de\"},{\"@type\":[\"Person\",\"Organization\"],\"@id\":\"https:\/\/mit-dem-internet-geld-verdienen.com\/startseite\/#\/schema\/person\/c101918c423d8a40ee507fc8859b2d13\",\"name\":\"Ralf Ullrich\",\"image\":{\"@type\":\"ImageObject\",\"inLanguage\":\"de\",\"@id\":\"https:\/\/mit-dem-internet-geld-verdienen.com\/startseite\/#\/schema\/person\/image\/\",\"url\":\"https:\/\/secure.gravatar.com\/avatar\/7dc20c96239bff733cda67c58e0f99e83c8ef1d2ba1aa6d19ff5de96b06dd822?s=96&d=mm&r=g\",\"contentUrl\":\"https:\/\/secure.gravatar.com\/avatar\/7dc20c96239bff733cda67c58e0f99e83c8ef1d2ba1aa6d19ff5de96b06dd822?s=96&d=mm&r=g\",\"caption\":\"Ralf Ullrich\"},\"logo\":{\"@id\":\"https:\/\/mit-dem-internet-geld-verdienen.com\/startseite\/#\/schema\/person\/image\/\"},\"description\":\"Mein Name ist Ralf Ullrich, ich bin 48 Jahre alt und lebe im sch\u00f6nen Th\u00fcringen. Mit einer langj\u00e4hrigen Erfahrung in verschiedenen Bereichen, darunter Gesundheit, Frequenztherapien sowie Krypto und Staking, habe ich es mir zur Aufgabe gemacht, Menschen bei ihrem pers\u00f6nlichen und finanziellen Wachstum zu unterst\u00fctzen. Gesundheit und Frequenzen Schon fr\u00fch habe ich erkannt, wie wichtig ein ganzheitlicher Ansatz f\u00fcr Gesundheit ist. Meine Arbeit konzentriert sich auf den Einsatz von gesunden Frequenzen, um das Wohlbefinden zu steigern und den K\u00f6rper in Balance zu bringen. Mit fundiertem Wissen und praktischer Erfahrung helfe ich meinen Kunden, ihre k\u00f6rperliche und mentale Gesundheit auf ein neues Level zu heben. Krypto und Staking Neben meinem Engagement im Gesundheitsbereich bin ich seit mehreren Jahren im Bereich Kryptow\u00e4hrungen und Staking aktiv. Ich begleite sowohl Einsteiger als auch Fortgeschrittene dabei, die Potenziale der Blockchain-Technologie und des passiven Einkommens durch Staking zu nutzen. Mein Ziel ist es, Wissen zu vermitteln und meinen Kunden Sicherheit in diesem dynamischen Umfeld zu geben. Warum mit mir zusammenarbeiten? Mit einem ganzheitlichen Blick und einer Leidenschaft f\u00fcr innovative L\u00f6sungen kombiniere ich traditionelles Wissen mit modernen Technologien. Ob es um Ihre Gesundheit oder Ihre finanzielle Zukunft geht \u2013 ich stehe Ihnen mit Rat und Tat zur Seite. Lassen Sie uns gemeinsam an Ihrer Vision arbeiten!\",\"sameAs\":[\"https:\/\/mit-dem-internet-geld-verdienen.com\"]}]}<\/script>\n<!-- \/ Yoast SEO plugin. -->","yoast_head_json":{"title":"Die besten Frequenzen f\u00fcr Dein Leben - Wohlfuehlfinanzen","robots":{"index":"index","follow":"follow","max-snippet":"max-snippet:-1","max-image-preview":"max-image-preview:large","max-video-preview":"max-video-preview:-1"},"canonical":"https:\/\/mit-dem-internet-geld-verdienen.com\/startseite\/die-besten-frequenzen-fuer-dein-leben","og_locale":"de_DE","og_type":"article","og_title":"Die besten Frequenzen f\u00fcr Dein Leben - Wohlfuehlfinanzen","og_description":"HEALY &#8211; Die besten Frequenzen f\u00fcr Dein Leben HEALY &#8211; Es ist keine Science Fiction es ist Wissenschaft. Wie schon Nicola Tesla richtig sagte ist alles Energie, Frequenz und Schwingung. HEALY bietet Dir die besten Frequenzen f\u00fcr Dein Leben. Immer gesund, aktiv und ausgeglichen. Genial einfach, einfach genial . Auf dieser webseite bekommst einen kleinenWeiterlesen","og_url":"https:\/\/mit-dem-internet-geld-verdienen.com\/startseite\/die-besten-frequenzen-fuer-dein-leben","og_site_name":"Wohlfuehlfinanzen","article_modified_time":"2025-01-08T19:02:41+00:00","twitter_card":"summary_large_image","twitter_misc":{"Gesch\u00e4tzte Lesezeit":"5\u00a0Minuten"},"schema":{"@context":"https:\/\/schema.org","@graph":[{"@type":"WebPage","@id":"https:\/\/mit-dem-internet-geld-verdienen.com\/startseite\/die-besten-frequenzen-fuer-dein-leben","url":"https:\/\/mit-dem-internet-geld-verdienen.com\/startseite\/die-besten-frequenzen-fuer-dein-leben","name":"Die besten Frequenzen f\u00fcr Dein Leben - Wohlfuehlfinanzen","isPartOf":{"@id":"https:\/\/mit-dem-internet-geld-verdienen.com\/startseite\/#website"},"datePublished":"2025-01-03T13:53:45+00:00","dateModified":"2025-01-08T19:02:41+00:00","breadcrumb":{"@id":"https:\/\/mit-dem-internet-geld-verdienen.com\/startseite\/die-besten-frequenzen-fuer-dein-leben#breadcrumb"},"inLanguage":"de","potentialAction":[{"@type":"ReadAction","target":["https:\/\/mit-dem-internet-geld-verdienen.com\/startseite\/die-besten-frequenzen-fuer-dein-leben"]}]},{"@type":"BreadcrumbList","@id":"https:\/\/mit-dem-internet-geld-verdienen.com\/startseite\/die-besten-frequenzen-fuer-dein-leben#breadcrumb","itemListElement":[{"@type":"ListItem","position":1,"name":"Startseite","item":"https:\/\/mit-dem-internet-geld-verdienen.com\/startseite"},{"@type":"ListItem","position":2,"name":"Die besten Frequenzen f\u00fcr Dein Leben"}]},{"@type":"WebSite","@id":"https:\/\/mit-dem-internet-geld-verdienen.com\/startseite\/#website","url":"https:\/\/mit-dem-internet-geld-verdienen.com\/startseite\/","name":"Wohlfuehlfinanzen","description":"Kryptow\u00e4hrungen,Staking,Sachwerte und einen gesunden Lebensstil.","publisher":{"@id":"https:\/\/mit-dem-internet-geld-verdienen.com\/startseite\/#\/schema\/person\/c101918c423d8a40ee507fc8859b2d13"},"potentialAction":[{"@type":"SearchAction","target":{"@type":"EntryPoint","urlTemplate":"https:\/\/mit-dem-internet-geld-verdienen.com\/startseite\/?s={search_term_string}"},"query-input":{"@type":"PropertyValueSpecification","valueRequired":true,"valueName":"search_term_string"}}],"inLanguage":"de"},{"@type":["Person","Organization"],"@id":"https:\/\/mit-dem-internet-geld-verdienen.com\/startseite\/#\/schema\/person\/c101918c423d8a40ee507fc8859b2d13","name":"Ralf Ullrich","image":{"@type":"ImageObject","inLanguage":"de","@id":"https:\/\/mit-dem-internet-geld-verdienen.com\/startseite\/#\/schema\/person\/image\/","url":"https:\/\/secure.gravatar.com\/avatar\/7dc20c96239bff733cda67c58e0f99e83c8ef1d2ba1aa6d19ff5de96b06dd822?s=96&d=mm&r=g","contentUrl":"https:\/\/secure.gravatar.com\/avatar\/7dc20c96239bff733cda67c58e0f99e83c8ef1d2ba1aa6d19ff5de96b06dd822?s=96&d=mm&r=g","caption":"Ralf Ullrich"},"logo":{"@id":"https:\/\/mit-dem-internet-geld-verdienen.com\/startseite\/#\/schema\/person\/image\/"},"description":"Mein Name ist Ralf Ullrich, ich bin 48 Jahre alt und lebe im sch\u00f6nen Th\u00fcringen. Mit einer langj\u00e4hrigen Erfahrung in verschiedenen Bereichen, darunter Gesundheit, Frequenztherapien sowie Krypto und Staking, habe ich es mir zur Aufgabe gemacht, Menschen bei ihrem pers\u00f6nlichen und finanziellen Wachstum zu unterst\u00fctzen. Gesundheit und Frequenzen Schon fr\u00fch habe ich erkannt, wie wichtig ein ganzheitlicher Ansatz f\u00fcr Gesundheit ist. Meine Arbeit konzentriert sich auf den Einsatz von gesunden Frequenzen, um das Wohlbefinden zu steigern und den K\u00f6rper in Balance zu bringen. Mit fundiertem Wissen und praktischer Erfahrung helfe ich meinen Kunden, ihre k\u00f6rperliche und mentale Gesundheit auf ein neues Level zu heben. Krypto und Staking Neben meinem Engagement im Gesundheitsbereich bin ich seit mehreren Jahren im Bereich Kryptow\u00e4hrungen und Staking aktiv. Ich begleite sowohl Einsteiger als auch Fortgeschrittene dabei, die Potenziale der Blockchain-Technologie und des passiven Einkommens durch Staking zu nutzen. Mein Ziel ist es, Wissen zu vermitteln und meinen Kunden Sicherheit in diesem dynamischen Umfeld zu geben. Warum mit mir zusammenarbeiten? Mit einem ganzheitlichen Blick und einer Leidenschaft f\u00fcr innovative L\u00f6sungen kombiniere ich traditionelles Wissen mit modernen Technologien. Ob es um Ihre Gesundheit oder Ihre finanzielle Zukunft geht \u2013 ich stehe Ihnen mit Rat und Tat zur Seite. Lassen Sie uns gemeinsam an Ihrer Vision arbeiten!","sameAs":["https:\/\/mit-dem-internet-geld-verdienen.com"]}]}},"jetpack_sharing_enabled":true,"_links":{"self":[{"href":"https:\/\/mit-dem-internet-geld-verdienen.com\/startseite\/wp-json\/wp\/v2\/pages\/172","targetHints":{"allow":["GET"]}}],"collection":[{"href":"https:\/\/mit-dem-internet-geld-verdienen.com\/startseite\/wp-json\/wp\/v2\/pages"}],"about":[{"href":"https:\/\/mit-dem-internet-geld-verdienen.com\/startseite\/wp-json\/wp\/v2\/types\/page"}],"author":[{"embeddable":true,"href":"https:\/\/mit-dem-internet-geld-verdienen.com\/startseite\/wp-json\/wp\/v2\/users\/1"}],"replies":[{"embeddable":true,"href":"https:\/\/mit-dem-internet-geld-verdienen.com\/startseite\/wp-json\/wp\/v2\/comments?post=172"}],"version-history":[{"count":8,"href":"https:\/\/mit-dem-internet-geld-verdienen.com\/startseite\/wp-json\/wp\/v2\/pages\/172\/revisions"}],"predecessor-version":[{"id":199,"href":"https:\/\/mit-dem-internet-geld-verdienen.com\/startseite\/wp-json\/wp\/v2\/pages\/172\/revisions\/199"}],"wp:attachment":[{"href":"https:\/\/mit-dem-internet-geld-verdienen.com\/startseite\/wp-json\/wp\/v2\/media?parent=172"}],"curies":[{"name":"wp","href":"https:\/\/api.w.org\/{rel}","templated":true}]}}